{"id":7064,"date":"2024-08-01T17:42:29","date_gmt":"2024-08-01T17:42:29","guid":{"rendered":"https:\/\/pmi.tech\/?page_id=7064"},"modified":"2024-08-01T17:44:24","modified_gmt":"2024-08-01T17:44:24","slug":"suscribete-a-nuestro-newsletter","status":"publish","type":"page","link":"https:\/\/pmi-americas.com\/en\/suscribete-a-nuestro-newsletter\/","title":{"rendered":"Suscr\u00edbete a nuestro Newsletter"},"content":{"rendered":"<div id=\"fws_69dfdf958bfb9\"  data-column-margin=\"default\" data-midnight=\"light\" data-top-percent=\"10%\" data-bottom-percent=\"10%\" data-nectar-animated-gradient-settings=\"{&quot;color_1&quot;:&quot;#002864&quot;,&quot;color_2&quot;:&quot;#59d477&quot;,&quot;speed&quot;:&quot;250&quot;,&quot;blending_mode&quot;:&quot;linear&quot;}\"  class=\"wpb_row vc_row-fluid vc_row full-width-section\"  style=\"padding-top: calc(100vw * 0.10); padding-bottom: calc(100vw * 0.10); \"><div class=\"row-bg-wrap has-animated-gradient\" data-bg-animation=\"none\" data-bg-animation-delay=\"\" data-bg-overlay=\"true\"><div class=\"inner-wrap row-bg-layer\" ><div class=\"row-bg viewport-desktop\"  style=\"\"><\/div><\/div><div class=\"row-bg-overlay row-bg-layer\" style=\"background-color:#0a0a0a;  opacity: 0.8; \"><\/div><\/div><ul class=\"nectar-parallax-scene row-bg-layer\" data-scene-position=\"center\" data-scene-strength=\"10\"><li class=\"layer\" data-depth=\"0.00\"><\/li><\/ul><div class=\"row_col_wrap_12 col span_12 light left\">\n\t<div  class=\"vc_col-sm-2 wpb_column column_container vc_column_container col no-extra-padding inherit_tablet inherit_phone\"  data-padding-pos=\"all\" data-has-bg-color=\"false\" data-bg-color=\"\" data-bg-opacity=\"1\" data-animation=\"\" data-delay=\"0\" >\n\t\t<div class=\"vc_column-inner\" >\n\t\t\t<div class=\"wpb_wrapper\">\n\t\t\t\t\n\t\t\t<\/div> \n\t\t<\/div>\n\t<\/div> \n\n\t<div  class=\"vc_col-sm-8 wpb_column column_container vc_column_container col centered-text has-animation padding-5-percent inherit_tablet inherit_phone\"  data-padding-pos=\"all\" data-has-bg-color=\"false\" data-bg-color=\"\" data-bg-opacity=\"1\" data-animation=\"flip-in-vertical\" data-delay=\"0\" >\n\t\t<div class=\"vc_column-inner\" >\n\t\t\t<div class=\"wpb_wrapper\">\n\t\t\t\t\n<div class=\"wpb_text_column wpb_content_element\" style=\" max-width: 575px; display: inline-block;\">\n\t<div class=\"wpb_wrapper\">\n\t\t<h2><span style=\"color: #59d477;\">Subscribe to our Newsletter!<\/span><\/h2>\n<p>Stay up to date with the most relevant news in the world of international finance and payments. Join our community and receive exclusive updates directly to your inbox.<\/p>\n<h3>Join now!<\/h3>\n<p>Share your contact information and email below to be part of our community and continue making informed decisions and keep your business ahead of the curve.<\/p>\n\t<\/div>\n<\/div>\n\n\n\n<div id=\"fws_69dfdf9598d02\" data-midnight=\"\" data-column-margin=\"default\" class=\"wpb_row vc_row-fluid vc_row inner_row\"  style=\"\"><div class=\"row-bg-wrap\"> <div class=\"row-bg\" ><\/div> <\/div><div class=\"row_col_wrap_12_inner col span_12  left\">\n\t<div  class=\"vc_col-sm-12 wpb_column column_container vc_column_container col child_column no-extra-padding inherit_tablet inherit_phone\"   data-padding-pos=\"all\" data-has-bg-color=\"false\" data-bg-color=\"\" data-bg-opacity=\"1\" data-animation=\"\" data-delay=\"0\" >\n\t\t<div class=\"vc_column-inner\" >\n\t\t<div class=\"wpb_wrapper\">\n\t\t\t<a class=\"nectar-button large regular extra-color-1 has-icon  regular-button\"  role=\"button\" style=\"margin-top: 50px; color: #002864; background-color: #59d477;\"  href=\"#\" data-color-override=\"#59d477\" data-hover-color-override=\"false\" data-hover-text-color-override=\"#fff\"><span>Subscribe to<\/span><i style=\"color: #002864;\"  class=\"icon-button-arrow\"><\/i><\/a>\n\t\t<\/div> \n\t<\/div>\n\t<\/div> \n<\/div><\/div>\n\t\t\t<\/div> \n\t\t<\/div>\n\t<\/div> \n\n\t<div  class=\"vc_col-sm-2 wpb_column column_container vc_column_container col no-extra-padding inherit_tablet inherit_phone\"  data-padding-pos=\"all\" data-has-bg-color=\"false\" data-bg-color=\"\" data-bg-opacity=\"1\" data-animation=\"\" data-delay=\"0\" >\n\t\t<div class=\"vc_column-inner\" >\n\t\t\t<div class=\"wpb_wrapper\">\n\t\t\t\t\n\t\t\t<\/div> \n\t\t<\/div>\n\t<\/div> \n<\/div><\/div>","protected":false},"excerpt":{"rendered":"\u00a1Suscr\u00edbete a nuestro Newsletter! Mantente al d\u00eda con las noticias m\u00e1s relevantes en el mundo...","protected":false},"author":2,"featured_media":0,"parent":0,"menu_order":0,"comment_status":"closed","ping_status":"closed","template":"","meta":{"footnotes":""},"class_list":["post-7064","page","type-page","status-publish"],"_links":{"self":[{"href":"https:\/\/pmi-americas.com\/en\/wp-json\/wp\/v2\/pages\/7064"}],"collection":[{"href":"https:\/\/pmi-americas.com\/en\/wp-json\/wp\/v2\/pages"}],"about":[{"href":"https:\/\/pmi-americas.com\/en\/wp-json\/wp\/v2\/types\/page"}],"author":[{"embeddable":true,"href":"https:\/\/pmi-americas.com\/en\/wp-json\/wp\/v2\/users\/2"}],"replies":[{"embeddable":true,"href":"https:\/\/pmi-americas.com\/en\/wp-json\/wp\/v2\/comments?post=7064"}],"version-history":[{"count":7,"href":"https:\/\/pmi-americas.com\/en\/wp-json\/wp\/v2\/pages\/7064\/revisions"}],"predecessor-version":[{"id":7071,"href":"https:\/\/pmi-americas.com\/en\/wp-json\/wp\/v2\/pages\/7064\/revisions\/7071"}],"wp:attachment":[{"href":"https:\/\/pmi-americas.com\/en\/wp-json\/wp\/v2\/media?parent=7064"}],"curies":[{"name":"wp","href":"https:\/\/api.w.org\/{rel}","templated":true}]}}