{"id":6834,"date":"2024-05-30T19:57:59","date_gmt":"2024-05-30T19:57:59","guid":{"rendered":"https:\/\/pmi.tech\/?page_id=6834"},"modified":"2024-08-01T21:03:50","modified_gmt":"2024-08-01T21:03:50","slug":"inmigracion-al-dia","status":"publish","type":"page","link":"https:\/\/pmi-americas.com\/en\/inmigracion-al-dia\/","title":{"rendered":"Inmigraci\u00f3n al d\u00eda"},"content":{"rendered":"<div id=\"fws_69f50d912ecf6\"  data-column-margin=\"default\" data-midnight=\"light\" data-top-percent=\"13%\" data-bottom-percent=\"13%\"  class=\"wpb_row vc_row-fluid vc_row full-width-section parallax_section\"  style=\"padding-top: calc(100vw * 0.13); padding-bottom: calc(100vw * 0.13); \"><div class=\"row-bg-wrap\" data-bg-animation=\"none\" data-bg-animation-delay=\"\" data-bg-overlay=\"true\"><div class=\"inner-wrap row-bg-layer using-image\" ><div class=\"row-bg viewport-desktop using-image using-bg-color\" data-parallax-speed=\"fast\" style=\"background-image: url(https:\/\/pmi-americas.com\/wp-content\/uploads\/2024\/06\/pmi-casos-de-exito-banner.jpg); background-position: left top; background-repeat: no-repeat; background-color: #ffffff; \"><\/div><\/div><div class=\"row-bg-overlay row-bg-layer\" style=\"background: #0a0a0a; background: linear-gradient(to bottom,#0a0a0a 0%,#002864 100%);  opacity: 0.5; \"><\/div><\/div>\n\t\t\t<div class=\"video-color-overlay row-bg-layer\" data-color=\"\"><\/div>\n\t\t\t\n\t\t\t<div class=\"nectar-video-wrap row-bg-layer\" data-bg-alignment=\"left top\">\n\t\t\t\t<div class=\"nectar-video-inner\">\n\t\t\t\t<video class=\"nectar-video-bg\" width=\"1800\" height=\"700\" preload=\"auto\" loop autoplay muted playsinline><\/video>    \t\t<\/div>\n\t\t\t <\/div>\n\n\t\t\t<div class=\"nectar-shape-divider-wrap\" style=\" height:200px;\"  data-height=\"200\" data-front=\"\" data-style=\"tilt_alt\" data-position=\"bottom\" ><svg class=\"nectar-shape-divider\" aria-hidden=\"true\" fill=\"#ffffff\" xmlns=\"http:\/\/www.w3.org\/2000\/svg\" viewbox=\"0 0 100 10\" preserveaspectratio=\"none\"> <polygon points=\"100 10 100 0 -4 10\"><\/polygon> <\/svg><\/div><div class=\"row_col_wrap_12 col span_12 light left\">\n\t<div style=\"margin-top: 27px; \" class=\"vc_col-sm-6 wpb_column column_container vc_column_container col no-extra-padding inherit_tablet inherit_phone\"  data-padding-pos=\"all\" data-has-bg-color=\"false\" data-bg-color=\"\" data-bg-opacity=\"1\" data-animation=\"\" data-delay=\"0\" >\n\t\t<div class=\"vc_column-inner\" >\n\t\t\t<div class=\"wpb_wrapper\">\n\t\t\t\t<div class=\"nectar-split-heading\" data-align=\"default\" data-m-align=\"inherit\" data-text-effect=\"default\" data-animation-type=\"default\" data-animation-delay=\"0\" data-animation-offset=\"\" data-m-rm-animation=\"\" data-stagger=\"\" data-custom-font-size=\"false\" data-has-fit-text=\"true\" ><div class=\"heading-line\" > <div><h3>Sobre la empresa<\/h3> <\/div> <\/div><div class=\"heading-line\" > <div><p>IAD es una empresa que ofrece asesor\u00eda jur\u00eddica enfocada en la comunidad latina en Estados Unidos, actualmente cuenta con 160 asistentes legales, han logrado apoyar a m\u00e1s de 18,000 familias latinas que buscan trabajar y establecerse en Estados Unidos. <\/div> <\/div><\/div><a class=\"nectar-button large regular accent-color  regular-button\"  role=\"button\" style=\"\"  href=\"https:\/\/pmi.tech\/soporte\/\" data-color-override=\"false\" data-hover-color-override=\"false\" data-hover-text-color-override=\"#fff\"><span>Cont\u00e1ctanos<\/span><\/a><div id=\"fws_69f50d912f403\" data-midnight=\"\" data-column-margin=\"default\" class=\"wpb_row vc_row-fluid vc_row inner_row\"  style=\"\"><div class=\"row-bg-wrap\"> <div class=\"row-bg\" ><\/div> <\/div><div class=\"row_col_wrap_12_inner col span_12  left\">\n\t<div  class=\"vc_col-sm-10 wpb_column column_container vc_column_container col child_column has-animation no-extra-padding inherit_tablet inherit_phone\"   data-padding-pos=\"all\" data-has-bg-color=\"false\" data-bg-color=\"\" data-bg-opacity=\"1\" data-animation=\"fade-in-from-bottom\" data-delay=\"300\" >\n\t\t<div class=\"vc_column-inner\" >\n\t\t<div class=\"wpb_wrapper\">\n\t\t\t\n\t\t<\/div> \n\t<\/div>\n\t<\/div> \n\n\t<div  class=\"vc_col-sm-2 wpb_column column_container vc_column_container col child_column no-extra-padding inherit_tablet inherit_phone\"   data-padding-pos=\"all\" data-has-bg-color=\"false\" data-bg-color=\"\" data-bg-opacity=\"1\" data-animation=\"\" data-delay=\"0\" >\n\t\t<div class=\"vc_column-inner\" >\n\t\t<div class=\"wpb_wrapper\">\n\t\t\t\n\t\t<\/div> \n\t<\/div>\n\t<\/div> \n<\/div><\/div>\n\t\t\t<\/div> \n\t\t<\/div>\n\t<\/div> \n\n\t<div  class=\"vc_col-sm-6 wpb_column column_container vc_column_container col no-extra-padding inherit_tablet inherit_phone\"  data-padding-pos=\"all\" data-has-bg-color=\"false\" data-bg-color=\"\" data-bg-opacity=\"1\" data-animation=\"\" data-delay=\"0\" >\n\t\t<div class=\"vc_column-inner\" >\n\t\t\t<div class=\"wpb_wrapper\">\n\t\t\t\t\n\t\t\t<\/div> \n\t\t<\/div>\n\t<\/div> \n<\/div><\/div>\n\t\t<div id=\"fws_69f50d912f7a7\"  data-column-margin=\"default\" data-midnight=\"dark\" data-top-percent=\"4%\"  class=\"wpb_row vc_row-fluid vc_row full-width-section\"  style=\"padding-top: calc(100vw * 0.04); padding-bottom: 3px; \"><div class=\"row-bg-wrap\" data-bg-animation=\"none\" data-bg-animation-delay=\"\" data-bg-overlay=\"false\"><div class=\"inner-wrap row-bg-layer\" ><div class=\"row-bg viewport-desktop using-bg-color\"  style=\"background-color: #ffffff; \"><\/div><\/div><\/div><div class=\"row_col_wrap_12 col span_12 dark left\">\n\t<div  class=\"vc_col-sm-7 vc_col-xs-6 wpb_column column_container vc_column_container col nectar-sticky-column no-extra-padding inherit_tablet inherit_phone\"  data-padding-pos=\"all\" data-has-bg-color=\"false\" data-bg-color=\"\" data-bg-opacity=\"1\" data-animation=\"\" data-delay=\"0\" >\n\t\t<div class=\"vc_column-inner\" >\n\t\t\t<div class=\"wpb_wrapper\">\n\t\t\t\t\n<div class=\"wpb_text_column wpb_content_element\" >\n\t<div class=\"wpb_wrapper\">\n\t\t<h3>Desaf\u00edos iniciales de la industria y de IAD<\/h3>\n\t<\/div>\n<\/div>\n\n\n\n\n<div class=\"wpb_text_column wpb_content_element  vc_custom_1717771079257\" >\n\t<div class=\"wpb_wrapper\">\n\t\t<p>Nuestro cliente, una exitosa empresa que presta servicios a la comunidad hispana de los EEUU deseaba reorganizar y en lo posible digitalizar su sistema de facturaci\u00f3n y cobranza y establecer un control efectivo para el monitoreo y\u00a0 control de pagos, y adem\u00e1s ampliar las opciones de pagos para su diversa y cuantiosa clientela.<\/p>\n\t<\/div>\n<\/div>\n\n\n\n<div class=\"img-with-aniamtion-wrap\" data-max-width=\"100%\" data-max-width-mobile=\"default\" data-shadow=\"none\" data-animation=\"none\" >\n      <div class=\"inner\">\n        <div class=\"hover-wrap\"> \n          <div class=\"hover-wrap-inner\">\n            <img loading=\"lazy\" decoding=\"async\" class=\"img-with-animation skip-lazy\" data-delay=\"0\" height=\"53\" width=\"455\" data-animation=\"none\" src=\"https:\/\/pmi-americas.com\/wp-content\/uploads\/2024\/05\/pmi-casos-de-exito.png\" alt=\"\" srcset=\"https:\/\/pmi-americas.com\/wp-content\/uploads\/2024\/05\/pmi-casos-de-exito.png 455w, https:\/\/pmi-americas.com\/wp-content\/uploads\/2024\/05\/pmi-casos-de-exito-300x35.png 300w\" sizes=\"(max-width: 455px) 100vw, 455px\" \/>\n          <\/div>\n        <\/div>\n      <\/div>\n    <\/div><div class=\"divider-wrap\" data-alignment=\"default\"><div style=\"height: 50px;\" class=\"divider\"><\/div><\/div>\n<div class=\"wpb_text_column wpb_content_element\" >\n\t<div class=\"wpb_wrapper\">\n\t\t<h3><strong>En resumen, la soluci\u00f3n de PMI ayud\u00f3 a IAD en: <\/strong><\/h3>\n\t<\/div>\n<\/div>\n\n\n\n\n<div class=\"wpb_text_column wpb_content_element  vc_custom_1717771627150\" >\n\t<div class=\"wpb_wrapper\">\n\t\t<ul>\n<li>Digitalizar y reorganizar su sistema de facturaci\u00f3n y cobranza.<\/li>\n<li>Diversificar los m\u00e9todos de pago que ofrecen a sus clientes: tarjetas, transferencias bancarias, carteras digitales y pagos efectivo a trav\u00e9s de cadenas de farmacias, supermercados y tiendas de conveniencia.<\/li>\n<li>Crear de planes de pagos personalizados y su inclusi\u00f3n autom\u00e1tica en las facturas.<\/li>\n<li>Automatizar, monitorear y controlar todos sus procesos financieros.<\/li>\n<li>Mejorar en la sincronizaci\u00f3n entre las \u00e1reas de cartera y ventas.<\/li>\n<li>Simplificar y mejorar la experiencia de sus clientes.<\/li>\n<\/ul>\n\t<\/div>\n<\/div>\n\n\n\n\n\t\t\t<\/div> \n\t\t<\/div>\n\t<\/div> \n\n\t<div  class=\"vc_col-sm-2 vc_col-xs-6 wpb_column column_container vc_column_container col no-extra-padding inherit_tablet inherit_phone\"  data-padding-pos=\"all\" data-has-bg-color=\"false\" data-bg-color=\"\" data-bg-opacity=\"1\" data-animation=\"\" data-delay=\"0\" >\n\t\t<div class=\"vc_column-inner\" >\n\t\t\t<div class=\"wpb_wrapper\">\n\t\t\t\t\n\t\t\t<\/div> \n\t\t<\/div>\n\t<\/div> \n\n\t<div  class=\"vc_col-sm-3 wpb_column column_container vc_column_container col nectar-sticky-column no-extra-padding inherit_tablet inherit_phone\"  data-padding-pos=\"all\" data-has-bg-color=\"false\" data-bg-color=\"\" data-bg-opacity=\"1\" data-animation=\"\" data-delay=\"0\" >\n\t\t<div class=\"vc_column-inner\" >\n\t\t\t<div class=\"wpb_wrapper\">\n\t\t\t\t\n<div class=\"wpb_text_column wpb_content_element  vc_custom_1717771215868\" >\n\t<div class=\"wpb_wrapper\">\n\t\t<h3>Soluciones Utilizadas<\/h3>\n\t<\/div>\n<\/div>\n\n\n\n<div class=\"nectar-fancy-ul\" data-list-icon=\"none\" data-animation=\"false\" data-animation-delay=\"0\" data-color=\"accent-color\" data-spacing=\"default\" data-alignment=\"left\"> \n<ul>\n<li><a href=\"https:\/\/pmi.tech\/cross-border-payments\/\"><img loading=\"lazy\" decoding=\"async\" class=\"alignnone wp-image-6286\" src=\"https:\/\/pmi.tech\/wp-content\/uploads\/2024\/04\/pmi-pay-out.png\" alt=\"\" width=\"30\" height=\"30\" \/>Cross border payments<\/a><\/li>\n<li><a href=\"https:\/\/pmi.tech\/saas\/\"><img loading=\"lazy\" decoding=\"async\" class=\"alignnone wp-image-6284\" src=\"https:\/\/pmi.tech\/wp-content\/uploads\/2024\/04\/pmi-saas.png\" alt=\"\" width=\"30\" height=\"30\" \/>Software ERP<\/a><\/li>\n<\/ul>\n <\/div>\n<div class=\"wpb_text_column wpb_content_element  vc_custom_1717101062118\" >\n\t<div class=\"wpb_wrapper\">\n\t\t<h3>Cliente<\/h3>\n\t<\/div>\n<\/div>\n\n\n\n<div class=\"divider-wrap\" data-alignment=\"default\"><div style=\"height: 20px;\" class=\"divider\"><\/div><\/div><div class=\"img-with-aniamtion-wrap  custom-size\" data-max-width=\"100%\" data-max-width-mobile=\"default\" data-shadow=\"none\" data-animation=\"none\" >\n      <div class=\"inner\">\n        <div class=\"hover-wrap\"> \n          <div class=\"hover-wrap-inner\">\n            <img loading=\"lazy\" decoding=\"async\" class=\"img-with-animation skip-lazy\" data-delay=\"0\" height=\"117\" width=\"180\" data-animation=\"none\" src=\"https:\/\/pmi-americas.com\/wp-content\/uploads\/2024\/05\/Logo-iad-1.svg\" alt=\"\"  \/>\n          <\/div>\n        <\/div>\n      <\/div>\n    <\/div>\n\t\t\t<\/div> \n\t\t<\/div>\n\t<\/div> \n<\/div><\/div>\n\t\t<div id=\"fws_69f50d9130d91\"  data-column-margin=\"default\" data-midnight=\"dark\" data-top-percent=\"3%\" data-bottom-percent=\"3%\"  class=\"wpb_row vc_row-fluid vc_row full-width-section\"  style=\"padding-top: calc(100vw * 0.03); padding-bottom: calc(100vw * 0.03); \"><div class=\"row-bg-wrap\" data-bg-animation=\"none\" data-bg-animation-delay=\"\" data-bg-overlay=\"false\"><div class=\"inner-wrap row-bg-layer\" ><div class=\"row-bg viewport-desktop using-bg-color\"  style=\"background-color: #ffffff; \"><\/div><\/div><\/div><div class=\"row_col_wrap_12 col span_12 dark left\">\n\t<div  class=\"vc_col-sm-6 vc_col-xs-6 wpb_column column_container vc_column_container col nectar-sticky-column no-extra-padding inherit_tablet inherit_phone\"  data-padding-pos=\"all\" data-has-bg-color=\"false\" data-bg-color=\"\" data-bg-opacity=\"1\" data-animation=\"\" data-delay=\"0\" >\n\t\t<div class=\"vc_column-inner\" >\n\t\t\t<div class=\"wpb_wrapper\">\n\t\t\t\t<div class=\"img-with-aniamtion-wrap\" data-max-width=\"100%\" data-max-width-mobile=\"default\" data-shadow=\"none\" data-animation=\"none\" >\n      <div class=\"inner\">\n        <div class=\"hover-wrap\"> \n          <div class=\"hover-wrap-inner\">\n            <img loading=\"lazy\" decoding=\"async\" class=\"img-with-animation skip-lazy\" data-delay=\"0\" height=\"539\" width=\"568\" data-animation=\"none\" src=\"https:\/\/pmi-americas.com\/wp-content\/uploads\/2024\/05\/pmi-casos-de-exito-image-1.jpg\" alt=\"\" srcset=\"https:\/\/pmi-americas.com\/wp-content\/uploads\/2024\/05\/pmi-casos-de-exito-image-1.jpg 568w, https:\/\/pmi-americas.com\/wp-content\/uploads\/2024\/05\/pmi-casos-de-exito-image-1-300x285.jpg 300w\" sizes=\"(max-width: 568px) 100vw, 568px\" \/>\n          <\/div>\n        <\/div>\n      <\/div>\n    <\/div>\n\t\t\t<\/div> \n\t\t<\/div>\n\t<\/div> \n\n\t<div  class=\"vc_col-sm-6 vc_col-xs-6 wpb_column column_container vc_column_container col no-extra-padding inherit_tablet inherit_phone\"  data-padding-pos=\"all\" data-has-bg-color=\"false\" data-bg-color=\"\" data-bg-opacity=\"1\" data-animation=\"\" data-delay=\"0\" >\n\t\t<div class=\"vc_column-inner\" >\n\t\t\t<div class=\"wpb_wrapper\">\n\t\t\t\t\n<div class=\"wpb_text_column wpb_content_element\" >\n\t<div class=\"wpb_wrapper\">\n\t\t<h3><strong>Soluci\u00f3n Propuesta y Ejecuci\u00f3n<\/strong><\/h3>\n\t<\/div>\n<\/div>\n\n\n\n\n<div class=\"wpb_text_column wpb_content_element  vc_custom_1717771711067\" >\n\t<div class=\"wpb_wrapper\">\n\t\t<p>Despu\u00e9s de un minucioso an\u00e1lisis de los sistemas internos de facturaci\u00f3n y cobranza del cliente, PMI no solo abord\u00f3 estos desaf\u00edos, sino que tambi\u00e9n transform\u00f3 la forma en que la empresa se enfrentaba a los desaf\u00edos de la industria como son la sincronizaci\u00f3n entre \u00e1reas y el control efectivo para incentivar el cumplimiento y control de pagos en una clientela tan diversa.<\/p>\n<p>La soluci\u00f3n propuesta por PMI analiz\u00f3 cuantiosas sugerencias de los equipos de ventas y contabilidad que contribuy\u00f3 a la creaci\u00f3n de una soluci\u00f3n de facturaci\u00f3n \u00e1gil y de f\u00e1cil comprensi\u00f3n para su equipo comercial de mas de 100 personas;\u00a0 y en la cobranza, PMI por medio de su red de proveedores puso a disposici\u00f3n del cliente m\u00faltiples opciones pagos, incluyendo tarjetas, transferencias de banco, y lo m\u00e1s importante, pagos en efectivo en todos los 50 estados en las principales cadenas de farmacias, supermercados, tiendas de conveniencia y otros.<\/p>\n\t<\/div>\n<\/div>\n\n\n\n<div class=\"divider-wrap\" data-alignment=\"default\"><div style=\"height: 30px;\" class=\"divider\"><\/div><\/div><a class=\"nectar-button large regular accent-color  regular-button\"  role=\"button\" style=\"\"  href=\"https:\/\/pmi.tech\/soporte\/\" data-color-override=\"false\" data-hover-color-override=\"false\" data-hover-text-color-override=\"#fff\"><span>Cont\u00e1ctanos<\/span><\/a>\n\t\t\t<\/div> \n\t\t<\/div>\n\t<\/div> \n<\/div><\/div>\n\t\t<div id=\"fws_69f50d913193b\"  data-column-margin=\"default\" data-midnight=\"dark\" data-top-percent=\"3%\" data-bottom-percent=\"3%\"  class=\"wpb_row vc_row-fluid vc_row full-width-section\"  style=\"padding-top: calc(100vw * 0.03); padding-bottom: calc(100vw * 0.03); \"><div class=\"row-bg-wrap\" data-bg-animation=\"none\" data-bg-animation-delay=\"\" data-bg-overlay=\"false\"><div class=\"inner-wrap row-bg-layer\" ><div class=\"row-bg viewport-desktop using-bg-color\"  style=\"background-color: #ffffff; \"><\/div><\/div><\/div><div class=\"row_col_wrap_12 col span_12 dark left\">\n\t<div  class=\"vc_col-sm-6 vc_col-xs-6 wpb_column column_container vc_column_container col nectar-sticky-column no-extra-padding inherit_tablet inherit_phone\"  data-padding-pos=\"all\" data-has-bg-color=\"false\" data-bg-color=\"\" data-bg-opacity=\"1\" data-animation=\"\" data-delay=\"0\" >\n\t\t<div class=\"vc_column-inner\" >\n\t\t\t<div class=\"wpb_wrapper\">\n\t\t\t\t\n<div class=\"wpb_text_column wpb_content_element\" >\n\t<div class=\"wpb_wrapper\">\n\t\t<h3><strong>Transformaci\u00f3n de M\u00e9todos de Pago y Soluciones Tecnol\u00f3gicas<\/strong><\/h3>\n\t<\/div>\n<\/div>\n\n\n\n\n<div class=\"wpb_text_column wpb_content_element  vc_custom_1717771756753\" >\n\t<div class=\"wpb_wrapper\">\n\t\t<p>PMI implement\u00f3 una soluci\u00f3n integral que diversific\u00f3 los m\u00e9todos de pago y automatiz\u00f3 los procesos financieros. Esto incluy\u00f3 m\u00faltiples opciones de pago como tarjetas, transferencias bancarias y pagos en efectivo en las principales cadenas de farmacias, supermercados y tiendas de conveniencia en todos los estados. La tecnolog\u00eda de PMI permiti\u00f3 procesos automatizados y estableci\u00f3 un control efectivo sobre los pagos y la cartera.<\/p>\n\t<\/div>\n<\/div>\n\n\n\n\n\t\t\t<\/div> \n\t\t<\/div>\n\t<\/div> \n\n\t<div  class=\"vc_col-sm-6 vc_col-xs-6 wpb_column column_container vc_column_container col no-extra-padding inherit_tablet inherit_phone\"  data-padding-pos=\"all\" data-has-bg-color=\"false\" data-bg-color=\"\" data-bg-opacity=\"1\" data-animation=\"\" data-delay=\"0\" >\n\t\t<div class=\"vc_column-inner\" >\n\t\t\t<div class=\"wpb_wrapper\">\n\t\t\t\t<div class=\"img-with-aniamtion-wrap\" data-max-width=\"100%\" data-max-width-mobile=\"default\" data-shadow=\"none\" data-animation=\"none\" >\n      <div class=\"inner\">\n        <div class=\"hover-wrap\"> \n          <div class=\"hover-wrap-inner\">\n            <img loading=\"lazy\" decoding=\"async\" class=\"img-with-animation skip-lazy\" data-delay=\"0\" height=\"539\" width=\"568\" data-animation=\"none\" src=\"https:\/\/pmi-americas.com\/wp-content\/uploads\/2024\/05\/pmi-casos-de-exito-image-2.jpg\" alt=\"\" srcset=\"https:\/\/pmi-americas.com\/wp-content\/uploads\/2024\/05\/pmi-casos-de-exito-image-2.jpg 568w, https:\/\/pmi-americas.com\/wp-content\/uploads\/2024\/05\/pmi-casos-de-exito-image-2-300x285.jpg 300w\" sizes=\"(max-width: 568px) 100vw, 568px\" \/>\n          <\/div>\n        <\/div>\n      <\/div>\n    <\/div>\n\t\t\t<\/div> \n\t\t<\/div>\n\t<\/div> \n<\/div><\/div>\n\t\t<div id=\"fws_69f50d91322db\"  data-column-margin=\"default\" data-midnight=\"dark\" data-top-percent=\"3%\" data-bottom-percent=\"3%\"  class=\"wpb_row vc_row-fluid vc_row full-width-section\"  style=\"padding-top: calc(100vw * 0.03); padding-bottom: calc(100vw * 0.03); \"><div class=\"row-bg-wrap\" data-bg-animation=\"none\" data-bg-animation-delay=\"\" data-bg-overlay=\"false\"><div class=\"inner-wrap row-bg-layer\" ><div class=\"row-bg viewport-desktop using-bg-color\"  style=\"background-color: #ffffff; \"><\/div><\/div><\/div><div class=\"row_col_wrap_12 col span_12 dark left\">\n\t<div  class=\"vc_col-sm-12 vc_col-xs-6 wpb_column column_container vc_column_container col nectar-sticky-column no-extra-padding inherit_tablet inherit_phone\"  data-padding-pos=\"all\" data-has-bg-color=\"false\" data-bg-color=\"\" data-bg-opacity=\"1\" data-animation=\"\" data-delay=\"0\" >\n\t\t<div class=\"vc_column-inner\" >\n\t\t\t<div class=\"wpb_wrapper\">\n\t\t\t\t\n<div class=\"wpb_text_column wpb_content_element\" >\n\t<div class=\"wpb_wrapper\">\n\t\t<h3><strong>Mejora de la Experiencia del Cliente<\/strong><\/h3>\n\t<\/div>\n<\/div>\n\n\n\n\n<div class=\"wpb_text_column wpb_content_element  vc_custom_1717771799020\" >\n\t<div class=\"wpb_wrapper\">\n\t\t<p>La automatizaci\u00f3n de procesos mejor\u00f3 la eficiencia interna y la experiencia del cliente. La implementaci\u00f3n de planes de pagos personalizados, incluidos autom\u00e1ticamente en las facturas, proporcion\u00f3 una experiencia m\u00e1s transparente y sencilla para los clientes, incentivando el cumplimiento de pagos. La posibilidad de ofrecer ligas de pago v\u00eda correo electr\u00f3nico o tel\u00e9fono facilit\u00f3 el acceso a diversas plataformas de pago, como d\u00e9bito, cr\u00e9dito, efectivo, Apple Pay o Samsung Pay y transferencias ACH.<\/p>\n\t<\/div>\n<\/div>\n\n\n\n\n\t\t\t<\/div> \n\t\t<\/div>\n\t<\/div> \n<\/div><\/div>\n\t\t<div id=\"fws_69f50d913257d\"  data-column-margin=\"default\" data-midnight=\"dark\" data-top-percent=\"8%\" data-bottom-percent=\"8%\"  class=\"wpb_row vc_row-fluid vc_row full-width-section\"  style=\"padding-top: calc(100vw * 0.08); padding-bottom: calc(100vw * 0.08); \"><div class=\"row-bg-wrap\" data-bg-animation=\"none\" data-bg-animation-delay=\"\" data-bg-overlay=\"false\"><div class=\"inner-wrap row-bg-layer\" ><div class=\"row-bg viewport-desktop\"  style=\"\"><\/div><\/div><\/div><div class=\"row_col_wrap_12 col span_12 dark left\">\n\t<div  class=\"vc_col-sm-12 wpb_column column_container vc_column_container col no-extra-padding inherit_tablet inherit_phone\"  data-padding-pos=\"all\" data-has-bg-color=\"false\" data-bg-color=\"\" data-bg-opacity=\"1\" data-animation=\"\" data-delay=\"0\" >\n\t\t<div class=\"vc_column-inner\" >\n\t\t\t<div class=\"wpb_wrapper\">\n\t\t\t\t<div id=\"fws_69f50d91326bf\" data-midnight=\"\" data-column-margin=\"default\" class=\"wpb_row vc_row-fluid vc_row inner_row\"  style=\"padding-top: 20px; \"><div class=\"row-bg-wrap\"> <div class=\"row-bg\" ><\/div> <\/div><div class=\"row_col_wrap_12_inner col span_12  left\">\n\t<div  class=\"vc_col-sm-6 wpb_column column_container vc_column_container col child_column has-animation padding-2-percent inherit_tablet inherit_phone\"   data-padding-pos=\"top-bottom\" data-has-bg-color=\"false\" data-bg-color=\"\" data-bg-opacity=\"1\" data-animation=\"fade-in-from-bottom\" data-delay=\"0\" >\n\t\t<div class=\"vc_column-inner\" >\n\t\t<div class=\"wpb_wrapper\">\n\t\t\t\n<div class=\"wpb_text_column wpb_content_element\" >\n\t<div class=\"wpb_wrapper\">\n\t\t<h3><strong>Resultados y Beneficios<\/strong><\/h3>\n\t<\/div>\n<\/div>\n\n\n\n<p style=\"color: rgba(10,10,10,0.65);text-align: left\" class=\"vc_custom_heading vc_custom_1717771857185\" >La implementaci\u00f3n de PMI en IAD no solo diversific\u00f3 los m\u00e9todos de pago disponibles, sino que tambi\u00e9n simplific\u00f3 la experiencia del cliente, optimiz\u00f3 la gesti\u00f3n de datos financieros y fortaleci\u00f3 la conexi\u00f3n entre las \u00e1reas de cartera y ventas. La centralizaci\u00f3n de la informaci\u00f3n y la automatizaci\u00f3n de procesos contribuyeron significativamente a la eficiencia operativa y al control integral sobre los pagos y la cartera.<\/p>\n<p>La colaboraci\u00f3n con PMI transform\u00f3 la gesti\u00f3n de facturaci\u00f3n y cobranza en IAD, proporcionando soluciones tecnol\u00f3gicas avanzadas y mejorando la experiencia del cliente. Esta implementaci\u00f3n no solo resolvi\u00f3 los desaf\u00edos existentes sino que tambi\u00e9n prepar\u00f3 a la empresa para enfrentar futuras demandas del mercado de manera eficiente y efectiva.<\/p>\n\t\t<\/div> \n\t<\/div>\n\t<\/div> \n\n\t<div  class=\"vc_col-sm-6 wpb_column column_container vc_column_container col child_column has-animation padding-2-percent inherit_tablet inherit_phone\"   data-padding-pos=\"top-bottom\" data-has-bg-color=\"false\" data-bg-color=\"\" data-bg-opacity=\"1\" data-animation=\"fade-in-from-bottom\" data-delay=\"100\" >\n\t\t<div class=\"vc_column-inner\" >\n\t\t<div class=\"wpb_wrapper\">\n\t\t\t\n<div class=\"wpb_text_column wpb_content_element\" >\n\t<div class=\"wpb_wrapper\">\n\t\t<h3>Nuestro Equipo<\/h3>\n\t<\/div>\n<\/div>\n\n\n\n<p style=\"color: rgba(10,10,10,0.65);text-align: left\" class=\"vc_custom_heading vc_custom_1717118057818\" >Cuando su misi\u00f3n es ser m\u00e1s \u00e1gil y competitivo en los mercados locales, necesita un equipo que respalde su visi\u00f3n.<br \/>\nPMI lo ayudar\u00e1 a desarrollar estrategias de pago para lograr sus objetivos comerciales y superar las expectativas de sus clientes.<\/p>\n<div class=\"wpb_text_column wpb_content_element\" >\n\t<div class=\"wpb_wrapper\">\n\t\t<h3>\u00a1No esperes m\u00e1s! Agenda una consultor\u00eda hoy.<\/h3>\n\t<\/div>\n<\/div>\n\n\n\n<p style=\"color: rgba(10,10,10,0.65);text-align: left\" class=\"vc_custom_heading vc_custom_1717118204633\" >Con\u00e9ctese con nuestro equipo de desarrollo comercial para incorporarlo a PMI Business y llevar su negocio al siguiente nivel con nuestras soluciones de pago locales.<\/p><a class=\"nectar-button large regular accent-color  regular-button\"  role=\"button\" style=\"\"  href=\"https:\/\/pmi.tech\/#demo\" data-color-override=\"false\" data-hover-color-override=\"false\" data-hover-text-color-override=\"#fff\"><span>Cont\u00e1ctanos<\/span><\/a>\n\t\t<\/div> \n\t<\/div>\n\t<\/div> \n<\/div><\/div>\n\t\t\t<\/div> \n\t\t<\/div>\n\t<\/div> \n<\/div><\/div>","protected":false},"excerpt":{"rendered":"Sobre la empresa IAD es una empresa que ofrece asesor\u00eda jur\u00eddica enfocada en la comunidad...","protected":false},"author":1,"featured_media":0,"parent":0,"menu_order":0,"comment_status":"closed","ping_status":"closed","template":"","meta":{"footnotes":""},"class_list":["post-6834","page","type-page","status-publish"],"_links":{"self":[{"href":"https:\/\/pmi-americas.com\/en\/wp-json\/wp\/v2\/pages\/6834"}],"collection":[{"href":"https:\/\/pmi-americas.com\/en\/wp-json\/wp\/v2\/pages"}],"about":[{"href":"https:\/\/pmi-americas.com\/en\/wp-json\/wp\/v2\/types\/page"}],"author":[{"embeddable":true,"href":"https:\/\/pmi-americas.com\/en\/wp-json\/wp\/v2\/users\/1"}],"replies":[{"embeddable":true,"href":"https:\/\/pmi-americas.com\/en\/wp-json\/wp\/v2\/comments?post=6834"}],"version-history":[{"count":19,"href":"https:\/\/pmi-americas.com\/en\/wp-json\/wp\/v2\/pages\/6834\/revisions"}],"predecessor-version":[{"id":7091,"href":"https:\/\/pmi-americas.com\/en\/wp-json\/wp\/v2\/pages\/6834\/revisions\/7091"}],"wp:attachment":[{"href":"https:\/\/pmi-americas.com\/en\/wp-json\/wp\/v2\/media?parent=6834"}],"curies":[{"name":"wp","href":"https:\/\/api.w.org\/{rel}","templated":true}]}}